{"id":693,"date":"2025-12-21T00:15:55","date_gmt":"2025-12-20T23:15:55","guid":{"rendered":"https:\/\/spark.edu.pl\/liceum\/?page_id=693"},"modified":"2026-04-15T08:30:35","modified_gmt":"2026-04-15T06:30:35","slug":"spotkanie-informacyjne","status":"publish","type":"page","link":"https:\/\/spark.edu.pl\/liceum\/spotkanie-informacyjne\/","title":{"rendered":"Spotkanie informacyjne"},"content":{"rendered":"\n<div class=\"wp-block-uagb-container uagb-block-smx5uh7n alignfull uagb-is-root-container\"><div class=\"uagb-container-inner-blocks-wrap\">\n<div class=\"wp-block-uagb-info-box uagb-block-exfkzy3c uagb-infobox__content-wrap  uagb-infobox-icon-above-title uagb-infobox-image-valign-top\"><div class=\"uagb-ifb-content\"><div class=\"uagb-ifb-title-wrap\"><h1 class=\"uagb-ifb-title\">Spotkanie informacyjne<\/h1><\/div><\/div><\/div>\n<\/div><\/div>\n\n\n\n<div class=\"wp-block-uagb-container uagb-block-511ce874 alignfull uagb-is-root-container\"><div class=\"uagb-container-inner-blocks-wrap\">\n<div class=\"wp-block-uagb-container uagb-block-b3c5de38\">\n<div class=\"wp-block-uagb-info-box uagb-block-27aa5d28 uagb-infobox__content-wrap  uagb-infobox-icon-above-title uagb-infobox-image-valign-top wp-block-uagb-info-box--has-margin\"><div class=\"uagb-infobox-margin-wrapper\"><div class=\"uagb-ifb-content\"><div class=\"uagb-ifb-title-wrap\"><span class=\"uagb-ifb-title-prefix\"><strong>ZAPRASZAMY NA<\/strong><\/span><h3 class=\"uagb-ifb-title\">Spotkanie informacyjne liceum Spark Academy<\/h3><\/div><p class=\"uagb-ifb-desc\">W bezpo\u015bredniej rozmowie z dyrekcj\u0105, kadr\u0105 i uczniami szko\u0142y dowiesz si\u0119, jak Spark Academy pracuje i w jaki spos\u00f3b wspiera uczni\u00f3w w procesie edukacji.<\/p><\/div><\/div><\/div>\n\n\n\n<div class=\"wp-block-uagb-info-box uagb-block-a2c0085d uagb-infobox__content-wrap  uagb-infobox-icon-above-title uagb-infobox-image-valign-top wp-block-uagb-info-box--has-margin\"><div class=\"uagb-infobox-margin-wrapper\"><div class=\"uagb-ifb-content\"><div class=\"uagb-ifb-title-wrap\"><h3 class=\"uagb-ifb-title\">21 maja 2026 (czwartek)<br>godz. 17:00<br><br>Spark Academy<br>ul. Wojska Polskiego 53<br>Pozna\u0144<\/h3><\/div><\/div><\/div><\/div>\n\n\n\n<div class=\"wp-block-uagb-buttons uagb-buttons__outer-wrap uagb-btn__medium-btn uagb-btn-tablet__default-btn uagb-btn-mobile__default-btn uagb-block-6151b6d4\"><div class=\"uagb-buttons__wrap uagb-buttons-layout-wrap \">\n<div class=\"wp-block-uagb-buttons-child uagb-buttons__outer-wrap uagb-block-9402dd8e wp-block-button\"><div class=\"uagb-button__wrapper\"><a class=\"uagb-buttons-repeater wp-block-button__link\" aria-label=\"\" href=\"https:\/\/docs.google.com\/forms\/d\/e\/1FAIpQLSfXpwxI5HxSKFBaexzV9Qxy6JBaQ7aZaMuH_qONSKhPUc0myA\/viewform\" rel=\"nofollow noopener\" target=\"_blank\" role=\"button\"><div class=\"uagb-button__link\">Zapisz si\u0119 na spotkanie informacyjne 21.05.2026 <\/div><\/a><\/div><\/div>\n<\/div><\/div>\n\n\n\n<div class=\"wp-block-uagb-container uagb-block-a64c650b alignfull uagb-is-root-container\"><div class=\"uagb-container-inner-blocks-wrap\">\n<div class=\"wp-block-uagb-container uagb-block-698c527f alignfull uagb-is-root-container\"><div class=\"uagb-container-inner-blocks-wrap\">\n<div class=\"wp-block-uagb-info-box uagb-block-2181f2cc uagb-infobox__content-wrap  uagb-infobox-icon-above-title uagb-infobox-image-valign-top wp-block-uagb-info-box--has-margin\"><div class=\"uagb-infobox-margin-wrapper\"><div class=\"uagb-ifb-content\"><div class=\"uagb-ifb-title-wrap\"><p class=\"uagb-ifb-title-prefix\"><strong>podczas spotkania:<\/strong><\/p><\/div><\/div><\/div><\/div>\n\n\n\n<div class=\"wp-block-uagb-info-box uagb-block-f8d40cbd uagb-infobox__content-wrap  uagb-infobox-icon-left uagb-infobox-left uagb-infobox-image-valign-top wp-block-uagb-info-box--has-margin\"><div class=\"uagb-infobox-margin-wrapper\"><div class=\"uagb-ifb-icon-wrap\"><div class=\"uagb-iconbox-icon-wrap uagb-infobox-shape-circle\"><svg xmlns=\"https:\/\/www.w3.org\/2000\/svg\" viewBox=\"0 0 448 512\"><path d=\"M438.6 105.4C451.1 117.9 451.1 138.1 438.6 150.6L182.6 406.6C170.1 419.1 149.9 419.1 137.4 406.6L9.372 278.6C-3.124 266.1-3.124 245.9 9.372 233.4C21.87 220.9 42.13 220.9 54.63 233.4L159.1 338.7L393.4 105.4C405.9 92.88 426.1 92.88 438.6 105.4H438.6z\"><\/path><\/svg><\/div><\/div><div class=\"uagb-ifb-content\"><div class=\"uagb-ifb-title-wrap\"><h6 class=\"uagb-ifb-title\"><strong>Otrzymasz odpowiedzi na pytania, kt\u00f3re s\u0105 dla Ciebie naprawd\u0119 wa\u017cne<\/strong>.<\/h6><\/div><p class=\"uagb-ifb-desc\">B\u0119dziesz m\u00f3g\u0142 zapyta\u0107 o wszystko, co Ci\u0119 interesuje \u2013 bez gotowych odpowiedzi \u201ez prezentacji\u201d. O program, codzienno\u015b\u0107 w szkole, wymagania, atmosfer\u0119 i to, co bywa trudne.<\/p><\/div><\/div><\/div>\n\n\n\n<div class=\"wp-block-uagb-info-box uagb-block-4d42c06e uagb-infobox__content-wrap  uagb-infobox-icon-left uagb-infobox-left uagb-infobox-image-valign-top wp-block-uagb-info-box--has-margin\"><div class=\"uagb-infobox-margin-wrapper\"><div class=\"uagb-ifb-icon-wrap\"><div class=\"uagb-iconbox-icon-wrap uagb-infobox-shape-circle\"><svg xmlns=\"https:\/\/www.w3.org\/2000\/svg\" viewBox=\"0 0 448 512\"><path d=\"M438.6 105.4C451.1 117.9 451.1 138.1 438.6 150.6L182.6 406.6C170.1 419.1 149.9 419.1 137.4 406.6L9.372 278.6C-3.124 266.1-3.124 245.9 9.372 233.4C21.87 220.9 42.13 220.9 54.63 233.4L159.1 338.7L393.4 105.4C405.9 92.88 426.1 92.88 438.6 105.4H438.6z\"><\/path><\/svg><\/div><\/div><div class=\"uagb-ifb-content\"><div class=\"uagb-ifb-title-wrap\"><h6 class=\"uagb-ifb-title\"><strong><strong><strong><strong><strong>Porozmawiasz z uczniami i poznasz ich perspektyw\u0119<\/strong><\/strong><\/strong><\/strong><\/strong>.<\/h6><\/div><p class=\"uagb-ifb-desc\">Us\u0142yszysz, jak liceum Spark wygl\u0105da oczami os\u00f3b, kt\u00f3re ucz\u0105 si\u0119 tu na co dzie\u0144. Dowiesz si\u0119, co im pomaga, co by\u0142o zaskoczeniem i jak odnajduj\u0105 si\u0119 w tym systemie.<\/p><\/div><\/div><\/div>\n\n\n\n<div class=\"wp-block-uagb-info-box uagb-block-9bd8f9aa uagb-infobox__content-wrap  uagb-infobox-icon-left uagb-infobox-left uagb-infobox-image-valign-top wp-block-uagb-info-box--has-margin\"><div class=\"uagb-infobox-margin-wrapper\"><div class=\"uagb-ifb-icon-wrap\"><div class=\"uagb-iconbox-icon-wrap uagb-infobox-shape-circle\"><svg xmlns=\"https:\/\/www.w3.org\/2000\/svg\" viewBox=\"0 0 448 512\"><path d=\"M438.6 105.4C451.1 117.9 451.1 138.1 438.6 150.6L182.6 406.6C170.1 419.1 149.9 419.1 137.4 406.6L9.372 278.6C-3.124 266.1-3.124 245.9 9.372 233.4C21.87 220.9 42.13 220.9 54.63 233.4L159.1 338.7L393.4 105.4C405.9 92.88 426.1 92.88 438.6 105.4H438.6z\"><\/path><\/svg><\/div><\/div><div class=\"uagb-ifb-content\"><div class=\"uagb-ifb-title-wrap\"><h6 class=\"uagb-ifb-title\"><strong>Spotkasz si\u0119 z kadr\u0105 szko\u0142y<\/strong>.<\/h6><\/div><p class=\"uagb-ifb-desc\">Poznasz nauczycieli i osoby odpowiedzialne za prowadzenie liceum. Zobaczysz, jak my\u015blimy o pracy z m\u0142odymi lud\u017ami i jakie mamy oczekiwania wobec uczni\u00f3w.<\/p><\/div><\/div><\/div>\n\n\n\n<div class=\"wp-block-uagb-info-box uagb-block-86035a0e uagb-infobox__content-wrap  uagb-infobox-icon-left uagb-infobox-left uagb-infobox-image-valign-top wp-block-uagb-info-box--has-margin\"><div class=\"uagb-infobox-margin-wrapper\"><div class=\"uagb-ifb-icon-wrap\"><div class=\"uagb-iconbox-icon-wrap uagb-infobox-shape-circle\"><svg xmlns=\"https:\/\/www.w3.org\/2000\/svg\" viewBox=\"0 0 448 512\"><path d=\"M438.6 105.4C451.1 117.9 451.1 138.1 438.6 150.6L182.6 406.6C170.1 419.1 149.9 419.1 137.4 406.6L9.372 278.6C-3.124 266.1-3.124 245.9 9.372 233.4C21.87 220.9 42.13 220.9 54.63 233.4L159.1 338.7L393.4 105.4C405.9 92.88 426.1 92.88 438.6 105.4H438.6z\"><\/path><\/svg><\/div><\/div><div class=\"uagb-ifb-content\"><div class=\"uagb-ifb-title-wrap\"><h6 class=\"uagb-ifb-title\"><strong>Zrozumiesz, jak pracujemy na co dzie\u0144<\/strong>.<\/h6><\/div><p class=\"uagb-ifb-desc\">Opowiemy o metodologii nauki, sposobach oceniania, pracy projektowej i organizacji tygodnia. Dowiesz si\u0119, jak wygl\u0105da realna praca w szkole, a nie tylko jej opis w statucie.<\/p><\/div><\/div><\/div>\n\n\n\n<div class=\"wp-block-uagb-info-box uagb-block-5fb253d6 uagb-infobox__content-wrap  uagb-infobox-icon-left uagb-infobox-left uagb-infobox-image-valign-top wp-block-uagb-info-box--has-margin\"><div class=\"uagb-infobox-margin-wrapper\"><div class=\"uagb-ifb-icon-wrap\"><div class=\"uagb-iconbox-icon-wrap uagb-infobox-shape-circle\"><svg xmlns=\"https:\/\/www.w3.org\/2000\/svg\" viewBox=\"0 0 448 512\"><path d=\"M438.6 105.4C451.1 117.9 451.1 138.1 438.6 150.6L182.6 406.6C170.1 419.1 149.9 419.1 137.4 406.6L9.372 278.6C-3.124 266.1-3.124 245.9 9.372 233.4C21.87 220.9 42.13 220.9 54.63 233.4L159.1 338.7L393.4 105.4C405.9 92.88 426.1 92.88 438.6 105.4H438.6z\"><\/path><\/svg><\/div><\/div><div class=\"uagb-ifb-content\"><div class=\"uagb-ifb-title-wrap\"><h6 class=\"uagb-ifb-title\"><strong>Zobaczysz przestrze\u0144, w kt\u00f3rej uczniowie ucz\u0105 si\u0119 na co dzie\u0144<\/strong>.<\/h6><\/div><p class=\"uagb-ifb-desc\">Obejrzysz szko\u0142\u0119 \u201eod \u015brodka\u201d: sale, miejsca do pracy w\u0142asnej i wsp\u00f3lnej, przestrzenie wspieraj\u0105ce koncentracj\u0119 i relacje.<\/p><\/div><\/div><\/div>\n\n\n\n<div class=\"wp-block-uagb-info-box uagb-block-264dca34 uagb-infobox__content-wrap  uagb-infobox-icon-left uagb-infobox-left uagb-infobox-image-valign-top wp-block-uagb-info-box--has-margin\"><div class=\"uagb-infobox-margin-wrapper\"><div class=\"uagb-ifb-icon-wrap\"><div class=\"uagb-iconbox-icon-wrap uagb-infobox-shape-circle\"><svg xmlns=\"https:\/\/www.w3.org\/2000\/svg\" viewBox=\"0 0 448 512\"><path d=\"M438.6 105.4C451.1 117.9 451.1 138.1 438.6 150.6L182.6 406.6C170.1 419.1 149.9 419.1 137.4 406.6L9.372 278.6C-3.124 266.1-3.124 245.9 9.372 233.4C21.87 220.9 42.13 220.9 54.63 233.4L159.1 338.7L393.4 105.4C405.9 92.88 426.1 92.88 438.6 105.4H438.6z\"><\/path><\/svg><\/div><\/div><div class=\"uagb-ifb-content\"><div class=\"uagb-ifb-title-wrap\"><h6 class=\"uagb-ifb-title\"><strong><strong>Poznasz nasze podej\u015bcie do relacji i odpowiedzialno\u015bci<\/strong><\/strong>.<\/h6><\/div><p class=\"uagb-ifb-desc\">Dowiesz si\u0119, jak budujemy relacje ucze\u0144\u2013nauczyciel, jak wygl\u0105da komunikacja i jakie znaczenie ma samodzielno\u015b\u0107 oraz odpowiedzialno\u015b\u0107 uczni\u00f3w.<\/p><\/div><\/div><\/div>\n\n\n\n<div class=\"wp-block-uagb-info-box uagb-block-4cd158d9 uagb-infobox__content-wrap  uagb-infobox-icon-left uagb-infobox-left uagb-infobox-image-valign-top wp-block-uagb-info-box--has-margin\"><div class=\"uagb-infobox-margin-wrapper\"><div class=\"uagb-ifb-icon-wrap\"><div class=\"uagb-iconbox-icon-wrap uagb-infobox-shape-circle\"><svg xmlns=\"https:\/\/www.w3.org\/2000\/svg\" viewBox=\"0 0 448 512\"><path d=\"M438.6 105.4C451.1 117.9 451.1 138.1 438.6 150.6L182.6 406.6C170.1 419.1 149.9 419.1 137.4 406.6L9.372 278.6C-3.124 266.1-3.124 245.9 9.372 233.4C21.87 220.9 42.13 220.9 54.63 233.4L159.1 338.7L393.4 105.4C405.9 92.88 426.1 92.88 438.6 105.4H438.6z\"><\/path><\/svg><\/div><\/div><div class=\"uagb-ifb-content\"><div class=\"uagb-ifb-title-wrap\"><h6 class=\"uagb-ifb-title\"><strong><strong>Wyjdziesz z pe\u0142niejszym obrazem szko\u0142y<\/strong><\/strong>.<\/h6><\/div><p class=\"uagb-ifb-desc\">Po spotkaniu b\u0119dziesz wiedzie\u0107 wi\u0119cej ni\u017c po przeczytaniu strony internetowej: jak ta szko\u0142a dzia\u0142a w praktyce i czy to dobre miejsce na kolejne lata nauki.<\/p><\/div><\/div><\/div>\n<\/div><\/div>\n<\/div><\/div>\n<\/div>\n<\/div><\/div>\n\n\n\n<div class=\"wp-block-uagb-container uag-hide-mob uagb-block-pb1kbdjl alignfull uagb-is-root-container\"><div class=\"uagb-container-inner-blocks-wrap\">\n<div class=\"wp-block-uagb-info-box uagb-block-ljimcky4 uagb-infobox__content-wrap  uagb-infobox-icon-above-title uagb-infobox-image-valign-top wp-block-uagb-info-box--has-margin\"><div class=\"uagb-infobox-margin-wrapper\"><div class=\"uagb-ifb-content\"><div class=\"uagb-ifb-title-wrap\"><p class=\"uagb-ifb-title-prefix\"><strong>otw\u00f3rz nowy rozdzia\u0142<\/strong><\/p><h2 class=\"uagb-ifb-title\">Przyjd\u017a, porozmawiaj, zdecyduj!<\/h2><\/div><\/div><\/div><\/div>\n\n\n\n<div class=\"wp-block-uagb-buttons uagb-buttons__outer-wrap uagb-btn__medium-btn uagb-btn-tablet__default-btn uagb-btn-mobile__default-btn uagb-block-c35c0882\"><div class=\"uagb-buttons__wrap uagb-buttons-layout-wrap \">\n<div class=\"wp-block-uagb-buttons-child uagb-buttons__outer-wrap uagb-block-4ac78d58 wp-block-button\"><div class=\"uagb-button__wrapper\"><a class=\"uagb-buttons-repeater wp-block-button__link\" aria-label=\"\" href=\"https:\/\/docs.google.com\/forms\/d\/e\/1FAIpQLSfXpwxI5HxSKFBaexzV9Qxy6JBaQ7aZaMuH_qONSKhPUc0myA\/viewform\" rel=\"nofollow noopener\" target=\"_blank\" role=\"button\"><div class=\"uagb-button__link\">Zapisz si\u0119 na spotkanie informacyjne 21.05.2026 <\/div><\/a><\/div><\/div>\n<\/div><\/div>\n\n\n\n<div class=\"wp-block-uagb-buttons uagb-buttons__outer-wrap uagb-btn__medium-btn uagb-btn-tablet__default-btn uagb-btn-mobile__default-btn uagb-block-e27c10ee\"><div class=\"uagb-buttons__wrap uagb-buttons-layout-wrap \">\n<div class=\"wp-block-uagb-buttons-child uagb-buttons__outer-wrap uagb-block-eb1e6521 wp-block-button\"><div class=\"uagb-button__wrapper\"><a class=\"uagb-buttons-repeater wp-block-button__link\" aria-label=\"\" href=\"https:\/\/www.google.com\/maps\/dir\/\/Spark+Academy+-+Liceum+Og\u00f3lnokszta\u0142c\u0105ce,+Wojska+Polskiego+53,+60-625+Pozna\u0144\/@52.4274905,16.9002495,952m\/data=!3m1!1e3!4m17!1m7!3m6!1s0x47044569d163fdef:0x2693cde867d57d72!2sSpark+Academy+-+Liceum+Og\u00f3lnokszta\u0142c\u0105ce!8m2!3d52.4274905!4d16.9002495!16s%2Fg%2F11yb4hxqcy!4m8!1m0!1m5!1m1!1s0x47044569d163fdef:0x2693cde867d57d72!2m2!1d16.9002495!2d52.4274905!3e2?entry=ttu&amp;g_ep=EgoyMDI1MTIwOS4wIKXMDSoKLDEwMDc5MjA3MUgBUAM%3D\" rel=\"follow noopener\" target=\"_blank\" role=\"button\"><div class=\"uagb-button__link\">Zobacz tras\u0119 dojazdu<\/div><\/a><\/div><\/div>\n<\/div><\/div>\n<\/div><\/div>\n\n\n\n<div class=\"wp-block-uagb-container uag-hide-desktop uag-hide-tab uagb-block-4543edd6 alignfull uagb-is-root-container\"><div class=\"uagb-container-inner-blocks-wrap\">\n<div class=\"wp-block-uagb-info-box uagb-block-12020f77 uagb-infobox__content-wrap  uagb-infobox-icon-above-title uagb-infobox-image-valign-top wp-block-uagb-info-box--has-margin\"><div class=\"uagb-infobox-margin-wrapper\"><div class=\"uagb-ifb-content\"><div class=\"uagb-ifb-title-wrap\"><p class=\"uagb-ifb-title-prefix\"><strong>otw\u00f3rz nowy rozdzia\u0142<\/strong><\/p><h2 class=\"uagb-ifb-title\">Przyjd\u017a, porozmawiaj, zdecyduj!<\/h2><\/div><\/div><\/div><\/div>\n\n\n\n<div class=\"wp-block-uagb-buttons uagb-buttons__outer-wrap uagb-btn__medium-btn uagb-btn-tablet__default-btn uagb-btn-mobile__default-btn uagb-block-8da4d172\"><div class=\"uagb-buttons__wrap uagb-buttons-layout-wrap \">\n<div class=\"wp-block-uagb-buttons-child uagb-buttons__outer-wrap uagb-block-983bc0e4 wp-block-button\"><div class=\"uagb-button__wrapper\"><a class=\"uagb-buttons-repeater wp-block-button__link\" aria-label=\"\" href=\"https:\/\/docs.google.com\/forms\/d\/e\/1FAIpQLSfXpwxI5HxSKFBaexzV9Qxy6JBaQ7aZaMuH_qONSKhPUc0myA\/viewform\" rel=\"nofollow noopener\" target=\"_blank\" role=\"button\"><div class=\"uagb-button__link\">Zarezerwuj swoje miejsce na spotkaniu informacyjnym 21.05.2026 <\/div><\/a><\/div><\/div>\n<\/div><\/div>\n\n\n\n<div class=\"wp-block-uagb-buttons uagb-buttons__outer-wrap uagb-btn__medium-btn uagb-btn-tablet__default-btn uagb-btn-mobile__default-btn uagb-block-ff8130cc\"><div class=\"uagb-buttons__wrap uagb-buttons-layout-wrap \">\n<div class=\"wp-block-uagb-buttons-child uagb-buttons__outer-wrap uagb-block-2625b4d0 wp-block-button\"><div class=\"uagb-button__wrapper\"><a class=\"uagb-buttons-repeater wp-block-button__link\" aria-label=\"\" href=\"https:\/\/www.google.com\/maps\/dir\/\/Spark+Academy+-+Liceum+Og\u00f3lnokszta\u0142c\u0105ce,+Wojska+Polskiego+53,+60-625+Pozna\u0144\/@52.4274905,16.9002495,952m\/data=!3m1!1e3!4m17!1m7!3m6!1s0x47044569d163fdef:0x2693cde867d57d72!2sSpark+Academy+-+Liceum+Og\u00f3lnokszta\u0142c\u0105ce!8m2!3d52.4274905!4d16.9002495!16s%2Fg%2F11yb4hxqcy!4m8!1m0!1m5!1m1!1s0x47044569d163fdef:0x2693cde867d57d72!2m2!1d16.9002495!2d52.4274905!3e2?entry=ttu&amp;g_ep=EgoyMDI1MTIwOS4wIKXMDSoKLDEwMDc5MjA3MUgBUAM%3D\" rel=\"follow noopener\" target=\"_blank\" role=\"button\"><div class=\"uagb-button__link\">Zobacz tras\u0119 dojazdu<\/div><\/a><\/div><\/div>\n<\/div><\/div>\n<\/div><\/div>\n","protected":false},"excerpt":{"rendered":"","protected":false},"author":1,"featured_media":0,"parent":0,"menu_order":0,"comment_status":"closed","ping_status":"closed","template":"","meta":{"_uag_custom_page_level_css":"","site-sidebar-layout":"default","site-content-layout":"","ast-site-content-layout":"default","site-content-style":"default","site-sidebar-style":"default","ast-global-header-display":"","ast-banner-title-visibility":"","ast-main-header-display":"","ast-hfb-above-header-display":"","ast-hfb-below-header-display":"","ast-hfb-mobile-header-display":"","site-post-title":"disabled","ast-breadcrumbs-content":"","ast-featured-img":"","footer-sml-layout":"","ast-disable-related-posts":"","theme-transparent-header-meta":"enabled","adv-header-id-meta":"","stick-header-meta":"","header-above-stick-meta":"","header-main-stick-meta":"","header-below-stick-meta":"","astra-migrate-meta-layouts":"default","ast-page-background-enabled":"default","ast-page-background-meta":{"desktop":{"background-color":"var(--ast-global-color-5)","background-image":"","background-repeat":"repeat","background-position":"center center","background-size":"auto","background-attachment":"scroll","background-type":"","background-media":"","overlay-type":"","overlay-color":"","overlay-opacity":"","overlay-gradient":""},"tablet":{"background-color":"","background-image":"","background-repeat":"repeat","background-position":"center center","background-size":"auto","background-attachment":"scroll","background-type":"","background-media":"","overlay-type":"","overlay-color":"","overlay-opacity":"","overlay-gradient":""},"mobile":{"background-color":"","background-image":"","background-repeat":"repeat","background-position":"center center","background-size":"auto","background-attachment":"scroll","background-type":"","background-media":"","overlay-type":"","overlay-color":"","overlay-opacity":"","overlay-gradient":""}},"ast-content-background-meta":{"desktop":{"background-color":"var(--ast-global-color-4)","background-image":"","background-repeat":"repeat","background-position":"center center","background-size":"auto","background-attachment":"scroll","background-type":"","background-media":"","overlay-type":"","overlay-color":"","overlay-opacity":"","overlay-gradient":""},"tablet":{"background-color":"var(--ast-global-color-4)","background-image":"","background-repeat":"repeat","background-position":"center center","background-size":"auto","background-attachment":"scroll","background-type":"","background-media":"","overlay-type":"","overlay-color":"","overlay-opacity":"","overlay-gradient":""},"mobile":{"background-color":"var(--ast-global-color-4)","background-image":"","background-repeat":"repeat","background-position":"center center","background-size":"auto","background-attachment":"scroll","background-type":"","background-media":"","overlay-type":"","overlay-color":"","overlay-opacity":"","overlay-gradient":""}},"footnotes":""},"class_list":["post-693","page","type-page","status-publish","hentry"],"yoast_head":"<!-- This site is optimized with the Yoast SEO plugin v27.1.1 - https:\/\/yoast.com\/product\/yoast-seo-wordpress\/ -->\n<title>Spotkanie informacyjne - Liceum Spark Academy<\/title>\n<meta name=\"robots\" content=\"noindex, follow, max-snippet:-1, max-image-preview:large, max-video-preview:-1\" \/>\n<meta property=\"og:locale\" content=\"pl_PL\" \/>\n<meta property=\"og:type\" content=\"article\" \/>\n<meta property=\"og:title\" content=\"Spotkanie informacyjne - Liceum Spark Academy\" \/>\n<meta property=\"og:url\" content=\"https:\/\/spark.edu.pl\/liceum\/spotkanie-informacyjne\/\" \/>\n<meta property=\"og:site_name\" content=\"Liceum Spark Academy\" \/>\n<meta property=\"article:modified_time\" content=\"2026-04-15T06:30:35+00:00\" \/>\n<meta name=\"twitter:card\" content=\"summary_large_image\" \/>\n<meta name=\"twitter:label1\" content=\"Szacowany czas czytania\" \/>\n\t<meta name=\"twitter:data1\" content=\"2 minuty\" \/>\n<script type=\"application\/ld+json\" class=\"yoast-schema-graph\">{\"@context\":\"https:\/\/schema.org\",\"@graph\":[{\"@type\":\"WebPage\",\"@id\":\"https:\/\/spark.edu.pl\/liceum\/spotkanie-informacyjne\/\",\"url\":\"https:\/\/spark.edu.pl\/liceum\/spotkanie-informacyjne\/\",\"name\":\"Spotkanie informacyjne - Liceum Spark Academy\",\"isPartOf\":{\"@id\":\"https:\/\/spark.edu.pl\/liceum\/#website\"},\"datePublished\":\"2025-12-20T23:15:55+00:00\",\"dateModified\":\"2026-04-15T06:30:35+00:00\",\"breadcrumb\":{\"@id\":\"https:\/\/spark.edu.pl\/liceum\/spotkanie-informacyjne\/#breadcrumb\"},\"inLanguage\":\"pl-PL\",\"potentialAction\":[{\"@type\":\"ReadAction\",\"target\":[\"https:\/\/spark.edu.pl\/liceum\/spotkanie-informacyjne\/\"]}]},{\"@type\":\"BreadcrumbList\",\"@id\":\"https:\/\/spark.edu.pl\/liceum\/spotkanie-informacyjne\/#breadcrumb\",\"itemListElement\":[{\"@type\":\"ListItem\",\"position\":1,\"name\":\"Strona g\u0142\u00f3wna\",\"item\":\"https:\/\/spark.edu.pl\/liceum\/\"},{\"@type\":\"ListItem\",\"position\":2,\"name\":\"Spotkanie informacyjne\"}]},{\"@type\":\"WebSite\",\"@id\":\"https:\/\/spark.edu.pl\/liceum\/#website\",\"url\":\"https:\/\/spark.edu.pl\/liceum\/\",\"name\":\"Liceum Spark Academy\",\"description\":\"\",\"publisher\":{\"@id\":\"https:\/\/spark.edu.pl\/liceum\/#organization\"},\"potentialAction\":[{\"@type\":\"SearchAction\",\"target\":{\"@type\":\"EntryPoint\",\"urlTemplate\":\"https:\/\/spark.edu.pl\/liceum\/?s={search_term_string}\"},\"query-input\":{\"@type\":\"PropertyValueSpecification\",\"valueRequired\":true,\"valueName\":\"search_term_string\"}}],\"inLanguage\":\"pl-PL\"},{\"@type\":\"Organization\",\"@id\":\"https:\/\/spark.edu.pl\/liceum\/#organization\",\"name\":\"Liceum Spark Academy\",\"url\":\"https:\/\/spark.edu.pl\/liceum\/\",\"logo\":{\"@type\":\"ImageObject\",\"inLanguage\":\"pl-PL\",\"@id\":\"https:\/\/spark.edu.pl\/liceum\/#\/schema\/logo\/image\/\",\"url\":\"https:\/\/spark.edu.pl\/liceum\/wp-content\/uploads\/sites\/3\/2025\/12\/image.png\",\"contentUrl\":\"https:\/\/spark.edu.pl\/liceum\/wp-content\/uploads\/sites\/3\/2025\/12\/image.png\",\"width\":227,\"height\":156,\"caption\":\"Liceum Spark Academy\"},\"image\":{\"@id\":\"https:\/\/spark.edu.pl\/liceum\/#\/schema\/logo\/image\/\"}}]}<\/script>\n<!-- \/ Yoast SEO plugin. -->","yoast_head_json":{"title":"Spotkanie informacyjne - Liceum Spark Academy","robots":{"index":"noindex","follow":"follow","max-snippet":"max-snippet:-1","max-image-preview":"max-image-preview:large","max-video-preview":"max-video-preview:-1"},"og_locale":"pl_PL","og_type":"article","og_title":"Spotkanie informacyjne - Liceum Spark Academy","og_url":"https:\/\/spark.edu.pl\/liceum\/spotkanie-informacyjne\/","og_site_name":"Liceum Spark Academy","article_modified_time":"2026-04-15T06:30:35+00:00","twitter_card":"summary_large_image","twitter_misc":{"Szacowany czas czytania":"2 minuty"},"schema":{"@context":"https:\/\/schema.org","@graph":[{"@type":"WebPage","@id":"https:\/\/spark.edu.pl\/liceum\/spotkanie-informacyjne\/","url":"https:\/\/spark.edu.pl\/liceum\/spotkanie-informacyjne\/","name":"Spotkanie informacyjne - Liceum Spark Academy","isPartOf":{"@id":"https:\/\/spark.edu.pl\/liceum\/#website"},"datePublished":"2025-12-20T23:15:55+00:00","dateModified":"2026-04-15T06:30:35+00:00","breadcrumb":{"@id":"https:\/\/spark.edu.pl\/liceum\/spotkanie-informacyjne\/#breadcrumb"},"inLanguage":"pl-PL","potentialAction":[{"@type":"ReadAction","target":["https:\/\/spark.edu.pl\/liceum\/spotkanie-informacyjne\/"]}]},{"@type":"BreadcrumbList","@id":"https:\/\/spark.edu.pl\/liceum\/spotkanie-informacyjne\/#breadcrumb","itemListElement":[{"@type":"ListItem","position":1,"name":"Strona g\u0142\u00f3wna","item":"https:\/\/spark.edu.pl\/liceum\/"},{"@type":"ListItem","position":2,"name":"Spotkanie informacyjne"}]},{"@type":"WebSite","@id":"https:\/\/spark.edu.pl\/liceum\/#website","url":"https:\/\/spark.edu.pl\/liceum\/","name":"Liceum Spark Academy","description":"","publisher":{"@id":"https:\/\/spark.edu.pl\/liceum\/#organization"},"potentialAction":[{"@type":"SearchAction","target":{"@type":"EntryPoint","urlTemplate":"https:\/\/spark.edu.pl\/liceum\/?s={search_term_string}"},"query-input":{"@type":"PropertyValueSpecification","valueRequired":true,"valueName":"search_term_string"}}],"inLanguage":"pl-PL"},{"@type":"Organization","@id":"https:\/\/spark.edu.pl\/liceum\/#organization","name":"Liceum Spark Academy","url":"https:\/\/spark.edu.pl\/liceum\/","logo":{"@type":"ImageObject","inLanguage":"pl-PL","@id":"https:\/\/spark.edu.pl\/liceum\/#\/schema\/logo\/image\/","url":"https:\/\/spark.edu.pl\/liceum\/wp-content\/uploads\/sites\/3\/2025\/12\/image.png","contentUrl":"https:\/\/spark.edu.pl\/liceum\/wp-content\/uploads\/sites\/3\/2025\/12\/image.png","width":227,"height":156,"caption":"Liceum Spark Academy"},"image":{"@id":"https:\/\/spark.edu.pl\/liceum\/#\/schema\/logo\/image\/"}}]}},"uagb_featured_image_src":{"full":false,"thumbnail":false,"medium":false,"medium_large":false,"large":false,"1536x1536":false,"2048x2048":false,"mailpoet_newsletter_max":false},"uagb_author_info":{"display_name":"Michal-1968X","author_link":"https:\/\/spark.edu.pl\/liceum\/author\/michal-1968x\/"},"uagb_comment_info":0,"uagb_excerpt":null,"_links":{"self":[{"href":"https:\/\/spark.edu.pl\/liceum\/wp-json\/wp\/v2\/pages\/693","targetHints":{"allow":["GET"]}}],"collection":[{"href":"https:\/\/spark.edu.pl\/liceum\/wp-json\/wp\/v2\/pages"}],"about":[{"href":"https:\/\/spark.edu.pl\/liceum\/wp-json\/wp\/v2\/types\/page"}],"author":[{"embeddable":true,"href":"https:\/\/spark.edu.pl\/liceum\/wp-json\/wp\/v2\/users\/1"}],"replies":[{"embeddable":true,"href":"https:\/\/spark.edu.pl\/liceum\/wp-json\/wp\/v2\/comments?post=693"}],"version-history":[{"count":50,"href":"https:\/\/spark.edu.pl\/liceum\/wp-json\/wp\/v2\/pages\/693\/revisions"}],"predecessor-version":[{"id":2937,"href":"https:\/\/spark.edu.pl\/liceum\/wp-json\/wp\/v2\/pages\/693\/revisions\/2937"}],"wp:attachment":[{"href":"https:\/\/spark.edu.pl\/liceum\/wp-json\/wp\/v2\/media?parent=693"}],"curies":[{"name":"wp","href":"https:\/\/api.w.org\/{rel}","templated":true}]}}