{"id":243,"date":"2026-01-10T23:34:30","date_gmt":"2026-01-10T22:34:30","guid":{"rendered":"https:\/\/spark.szkola.pl\/szkola-podstawowa\/?page_id=243"},"modified":"2026-01-11T19:05:59","modified_gmt":"2026-01-11T18:05:59","slug":"nasze-wartosci","status":"publish","type":"page","link":"https:\/\/spark.edu.pl\/szkola-podstawowa\/nasze-wartosci\/","title":{"rendered":"Nasze warto\u015bci"},"content":{"rendered":"\n<div class=\"wp-block-uagb-container uagb-block-hopnq4oj alignfull uagb-is-root-container\"><div class=\"uagb-container-inner-blocks-wrap\">\n<div class=\"wp-block-uagb-info-box uagb-block-91q9qwob uagb-infobox__content-wrap  uagb-infobox-icon-above-title uagb-infobox-image-valign-top\"><div class=\"uagb-ifb-content\"><div class=\"uagb-ifb-title-wrap\"><h1 class=\"uagb-ifb-title\">Warto\u015bci, kt\u00f3rymi \u017cyje Spark<\/h1><\/div><\/div><\/div>\n<\/div><\/div>\n\n\n\n<div class=\"wp-block-uagb-container uagb-layout-grid uagb-block-15cfcbba alignfull uagb-is-root-container\"><div class=\"uagb-container-inner-blocks-wrap\">\n<div class=\"wp-block-uagb-container uagb-block-ae2a80dc\">\n<div data-aos= \"slide-right\" data-aos-duration=\"400\" data-aos-delay=\"0\" data-aos-easing=\"ease\" data-aos-once=\"true\" class=\"wp-block-uagb-info-box uagb-block-3be8134a uagb-infobox__content-wrap  uagb-infobox-icon-above-title uagb-infobox-image-valign-top wp-block-uagb-info-box--has-margin uag-hide-mob\"><div class=\"uagb-infobox-margin-wrapper\"><div class=\"uagb-ifb-content\"><div class=\"uagb-ifb-title-wrap\"><p class=\"uagb-ifb-title-prefix\">Co dla nas wa\u017cne<\/p><h2 class=\"uagb-ifb-title\">Warto\u015bci, kt\u00f3rymi si\u0119 kierujemy<\/h2><\/div><p class=\"uagb-ifb-desc\"><strong>W Sparku liczy si\u0119 to, kim jeste\u015b, jak dzia\u0142asz, jak traktujesz siebie i innych <\/strong><br><strong>\u2013 bo szko\u0142a to nie tylko &#8222;buda&#8221;, lecz te\u017c grupa os\u00f3b, kt\u00f3re mog\u0105 siebie nawzajem wspiera\u0107.<\/strong><\/p><\/div><\/div><\/div>\n\n\n\n<div data-aos= \"slide-right\" data-aos-duration=\"400\" data-aos-delay=\"0\" data-aos-easing=\"ease\" data-aos-once=\"true\" class=\"wp-block-uagb-info-box uagb-block-c6296c30 uagb-infobox__content-wrap  uagb-infobox-icon-above-title uagb-infobox-image-valign-top wp-block-uagb-info-box--has-margin uag-hide-desktop uag-hide-tab\"><div class=\"uagb-infobox-margin-wrapper\"><div class=\"uagb-ifb-content\"><div class=\"uagb-ifb-title-wrap\"><p class=\"uagb-ifb-title-prefix\">Co dla nas wa\u017cne<\/p><h2 class=\"uagb-ifb-title\">Warto\u015bci, <br>kt\u00f3rymi si\u0119 kierujemy<\/h2><\/div><p class=\"uagb-ifb-desc\"><strong>W Sparku liczy si\u0119 to, kim jeste\u015b, jak dzia\u0142asz, jak traktujesz siebie i innych <\/strong><strong>\u2013 bo szko\u0142a to nie tylko &#8222;buda&#8221;, lecz te\u017c grupa os\u00f3b, kt\u00f3re mog\u0105 siebie nawzajem wspiera\u0107.<\/strong><\/p><\/div><\/div><\/div>\n\n\n\n<div data-aos= \"slide-up\" data-aos-duration=\"400\" data-aos-delay=\"0\" data-aos-easing=\"ease\" data-aos-once=\"true\" class=\"wp-block-uagb-container uagb-layout-grid uagb-block-a9bfa1ba\">\n<div class=\"wp-block-uagb-info-box uagb-block-2db6a8db uagb-infobox__content-wrap  uagb-infobox-icon-left uagb-infobox-left uagb-infobox-image-valign-top\"><div class=\"uagb-ifb-icon-wrap\"><svg xmlns=\"https:\/\/www.w3.org\/2000\/svg\" viewBox=\"0 0 512 512\"><path d=\"M128 447.1V223.1c0-17.67-14.33-31.1-32-31.1H32c-17.67 0-32 14.33-32 31.1v223.1c0 17.67 14.33 31.1 32 31.1h64C113.7 479.1 128 465.6 128 447.1zM512 224.1c0-26.5-21.48-47.98-48-47.98h-146.5c22.77-37.91 34.52-80.88 34.52-96.02C352 56.52 333.5 32 302.5 32c-63.13 0-26.36 76.15-108.2 141.6L178 186.6C166.2 196.1 160.2 210 160.1 224c-.0234 .0234 0 0 0 0L160 384c0 15.1 7.113 29.33 19.2 38.39l34.14 25.59C241 468.8 274.7 480 309.3 480H368c26.52 0 48-21.47 48-47.98c0-3.635-.4805-7.143-1.246-10.55C434 415.2 448 397.4 448 376c0-9.148-2.697-17.61-7.139-24.88C463.1 347 480 327.5 480 304.1c0-12.5-4.893-23.78-12.72-32.32C492.2 270.1 512 249.5 512 224.1z\"><\/path><\/svg><\/div><div class=\"uagb-ifb-content\"><div class=\"uagb-ifb-title-wrap\"><p class=\"uagb-ifb-title\">Szacunek<\/p><\/div><p class=\"uagb-ifb-desc\">W Sparku liczy si\u0119 szacunek \u2013 do siebie i do innych.Nie musisz by\u0107 taki jak wszyscy. Akceptujesz ludzi takimi, jacy s\u0105, a oni akceptuj\u0105 Ciebie.<br>Ka\u017cdy jest wa\u017cny, ma co\u015b do powiedzenia i zas\u0142uguje na dobre traktowanie.<br>Po prostu zachowujesz si\u0119 wobec innych tak, jak chcia\u0142by\u015b, \u017ceby oni zachowywali si\u0119 wobec Ciebie.<\/p><\/div><\/div>\n\n\n\n<div class=\"wp-block-uagb-info-box uagb-block-5d5c887a uagb-infobox__content-wrap  uagb-infobox-icon-left uagb-infobox-left uagb-infobox-image-valign-top\"><div class=\"uagb-ifb-icon-wrap\"><svg xmlns=\"https:\/\/www.w3.org\/2000\/svg\" viewBox=\"0 0 512 512\"><path d=\"M464 16c-17.67 0-32 14.31-32 32v74.09C392.1 66.52 327.4 32 256 32C161.5 32 78.59 92.34 49.58 182.2c-5.438 16.81 3.797 34.88 20.61 40.28c16.89 5.5 34.88-3.812 40.3-20.59C130.9 138.5 189.4 96 256 96c50.5 0 96.26 24.55 124.4 64H336c-17.67 0-32 14.31-32 32s14.33 32 32 32h128c17.67 0 32-14.31 32-32V48C496 30.31 481.7 16 464 16zM441.8 289.6c-16.92-5.438-34.88 3.812-40.3 20.59C381.1 373.5 322.6 416 256 416c-50.5 0-96.25-24.55-124.4-64H176c17.67 0 32-14.31 32-32s-14.33-32-32-32h-128c-17.67 0-32 14.31-32 32v144c0 17.69 14.33 32 32 32s32-14.31 32-32v-74.09C119.9 445.5 184.6 480 255.1 480c94.45 0 177.4-60.34 206.4-150.2C467.9 313 458.6 294.1 441.8 289.6z\"><\/path><\/svg><\/div><div class=\"uagb-ifb-content\"><div class=\"uagb-ifb-title-wrap\"><p class=\"uagb-ifb-title\">Zaanga\u017cowanie<\/p><\/div><p class=\"uagb-ifb-desc\">W Sparku nie chodzi o \u201eprzerobienie materia\u0142u czy odhaczanie lekcji\u201d. Chodzi o rozw\u00f3j i dzia\u0142anie \u2013 takie, kt\u00f3re co\u015b Ci daje. Anga\u017cujesz si\u0119, gdy wiesz, po co to robisz i masz wp\u0142yw na to, co si\u0119 dzieje. Zabierasz g\u0142os, proponujesz rozwi\u0105zania, podejmujesz wyzwania.<br>Bo rozw\u00f3j nie dzieje si\u0119 wtedy, gdy stoisz z boku, lecz wtedy, gdy dzia\u0142asz i jeste\u015b cz\u0119\u015bci\u0105 czego\u015b, co ma sens.<\/p><\/div><\/div>\n\n\n\n<div class=\"wp-block-uagb-info-box uagb-block-79d6d561 uagb-infobox__content-wrap  uagb-infobox-icon-left uagb-infobox-left uagb-infobox-image-valign-top\"><div class=\"uagb-ifb-icon-wrap\"><svg xmlns=\"https:\/\/www.w3.org\/2000\/svg\" viewBox=\"0 0 640 512\"><path d=\"M334.6 217.4l-30 27.49C264 282.1 217.8 256.8 202.9 240.6C176 211.2 178.1 165.7 207.3 138.9L289.1 64H282.5C224.7 64 169.1 86.95 128.2 127.8L32 128.1c-17.6 0-32 14.39-32 31.98v159.8c0 17.59 14.4 32.04 31.1 32.04l114.3-.0604l90.5 81.82c27.5 22.37 67.75 18.11 90-9.255l18.12 15.25c15.88 12.1 39.38 10.5 52.38-5.369l31.38-38.6l5.374 4.498c13.75 11 33.88 9.002 45-4.748l9.576-11.83c11.08-13.7 8.979-33.75-4.701-44.86L334.6 217.4zM608 128.1l-96-.1257c-40.98-40.96-96.56-63.88-154.5-63.88L348.9 64c-8 0-15.62 3.197-21.62 8.568L229 162.3C228.9 162.5 228.8 162.7 228.8 162.7C212 178.5 212.4 203.3 226.6 218.7c9.625 10.5 35 21.62 56.13 2.75c0-.125 .25-.125 .375-.25l80-73.1c6.5-5.871 16.62-5.496 22.62 1s5.5 16.62-1 22.62l-26.12 23.87l145.6 118.1c12.12 9.992 19.5 23.49 22.12 37.98L608 351.7c17.6 0 32-14.38 32-31.98V160.1C640 142.4 625.7 128.1 608 128.1z\"><\/path><\/svg><\/div><div class=\"uagb-ifb-content\"><div class=\"uagb-ifb-title-wrap\"><p class=\"uagb-ifb-title\">Wsp\u00f3\u0142praca<\/p><\/div><p class=\"uagb-ifb-desc\">W Sparku nikt nie gra solo.<br>Dzia\u0142amy razem, bo wsp\u00f3lnie mo\u017cna zrobi\u0107 wi\u0119cej i lepiej. Ka\u017cdy ma znaczenie, ka\u017cdy wnosi co\u015b od siebie.<br>Uczymy si\u0119 rozmawia\u0107, s\u0142ucha\u0107 i dogadywa\u0107 \u2013 nawet gdy mamy r\u00f3\u017cne zdania.<\/p><\/div><\/div>\n\n\n\n<div class=\"wp-block-uagb-info-box uagb-block-8f769ce5 uagb-infobox__content-wrap  uagb-infobox-icon-left uagb-infobox-left uagb-infobox-image-valign-top\"><div class=\"uagb-ifb-icon-wrap\"><svg xmlns=\"https:\/\/www.w3.org\/2000\/svg\" viewBox=\"0 0 576 512\"><path d=\"M256 368C256 403.7 266.6 436.9 284.9 464.6L279.4 470.3C266.4 483.2 245.5 483.2 233.5 470.3L39.71 270.5C-16.22 212.5-13.23 116.6 49.7 62.68C103.6 15.73 186.5 24.72 236.5 75.67L256.4 96.64L275.4 75.67C325.4 24.72 407.3 15.73 463.2 62.68C506.1 100.1 520.7 157.6 507 208.7C484.3 198 458.8 192 432 192C334.8 192 256 270.8 256 368zM576 368C576 447.5 511.5 512 432 512C352.5 512 288 447.5 288 368C288 288.5 352.5 224 432 224C511.5 224 576 288.5 576 368zM476.7 324.7L416 385.4L387.3 356.7C381.1 350.4 370.9 350.4 364.7 356.7C358.4 362.9 358.4 373.1 364.7 379.3L404.7 419.3C410.9 425.6 421.1 425.6 427.3 419.3L499.3 347.3C505.6 341.1 505.6 330.9 499.3 324.7C493.1 318.4 482.9 318.4 476.7 324.7H476.7z\"><\/path><\/svg><\/div><div class=\"uagb-ifb-content\"><div class=\"uagb-ifb-title-wrap\"><p class=\"uagb-ifb-title\">Zdrowie<\/p><\/div><p class=\"uagb-ifb-desc\">W Sparku pami\u0119tasz te\u017c o sobie. Dbasz o cia\u0142o i g\u0142ow\u0119, o sen, ruch, jedzenie i czas na reset. Nie wszystko musi by\u0107 idealne \u2013 wa\u017cne, \u017ceby\u015b umia\u0142 zauwa\u017ca\u0107, co czujesz i czego potrzebujesz. Masz wok\u00f3\u0142 siebie ludzi, z kt\u00f3rymi mo\u017cesz pogada\u0107, gdy co\u015b Ci\u0119 przyt\u0142acza.<br>Bo dobre samopoczucie to podstawa, \u017ceby mie\u0107 energi\u0119 do \u017cycia i dzia\u0142ania.<\/p><\/div><\/div>\n<\/div>\n<\/div>\n<\/div><\/div>\n\n\n\n<div class=\"wp-block-uagb-container uagb-block-4d31770f alignfull uagb-is-root-container\"><div class=\"uagb-container-inner-blocks-wrap\">\n<div class=\"wp-block-uagb-container uagb-block-5a26ee3a\">\n<div class=\"wp-block-uagb-buttons uagb-buttons__outer-wrap uagb-btn__medium-btn uagb-btn-tablet__default-btn uagb-btn-mobile__medium-btn uagb-block-ff507406\"><div class=\"uagb-buttons__wrap uagb-buttons-layout-wrap \">\n<div class=\"wp-block-uagb-buttons-child uagb-buttons__outer-wrap uagb-block-2a622efd wp-block-button\"><div class=\"uagb-button__wrapper\"><a class=\"uagb-buttons-repeater wp-block-button__link\" aria-label=\"\" href=\"\/szkola-podstawowa\/\" rel=\"follow noopener\" target=\"_self\" role=\"button\"><div class=\"uagb-button__link\">Szko\u0142a podstawowa<\/div><span class=\"uagb-button__icon uagb-button__icon-position-after\"><svg xmlns=\"https:\/\/www.w3.org\/2000\/svg\" viewBox=\"0 0 448 512\" aria-hidden=\"true\" focussable=\"false\"><path d=\"M438.6 278.6l-160 160C272.4 444.9 264.2 448 256 448s-16.38-3.125-22.62-9.375c-12.5-12.5-12.5-32.75 0-45.25L338.8 288H32C14.33 288 .0016 273.7 .0016 256S14.33 224 32 224h306.8l-105.4-105.4c-12.5-12.5-12.5-32.75 0-45.25s32.75-12.5 45.25 0l160 160C451.1 245.9 451.1 266.1 438.6 278.6z\"><\/path><\/svg><\/span><\/a><\/div><\/div>\n<\/div><\/div>\n<\/div>\n<\/div><\/div>\n","protected":false},"excerpt":{"rendered":"","protected":false},"author":1,"featured_media":0,"parent":0,"menu_order":0,"comment_status":"closed","ping_status":"closed","template":"","meta":{"_uag_custom_page_level_css":"","site-sidebar-layout":"default","site-content-layout":"","ast-site-content-layout":"default","site-content-style":"default","site-sidebar-style":"default","ast-global-header-display":"","ast-banner-title-visibility":"","ast-main-header-display":"","ast-hfb-above-header-display":"","ast-hfb-below-header-display":"","ast-hfb-mobile-header-display":"","site-post-title":"disabled","ast-breadcrumbs-content":"","ast-featured-img":"","footer-sml-layout":"","ast-disable-related-posts":"","theme-transparent-header-meta":"enabled","adv-header-id-meta":"","stick-header-meta":"","header-above-stick-meta":"","header-main-stick-meta":"","header-below-stick-meta":"","astra-migrate-meta-layouts":"default","ast-page-background-enabled":"default","ast-page-background-meta":{"desktop":{"background-color":"var(--ast-global-color-5)","background-image":"","background-repeat":"repeat","background-position":"center center","background-size":"auto","background-attachment":"scroll","background-type":"","background-media":"","overlay-type":"","overlay-color":"","overlay-opacity":"","overlay-gradient":""},"tablet":{"background-color":"","background-image":"","background-repeat":"repeat","background-position":"center center","background-size":"auto","background-attachment":"scroll","background-type":"","background-media":"","overlay-type":"","overlay-color":"","overlay-opacity":"","overlay-gradient":""},"mobile":{"background-color":"","background-image":"","background-repeat":"repeat","background-position":"center center","background-size":"auto","background-attachment":"scroll","background-type":"","background-media":"","overlay-type":"","overlay-color":"","overlay-opacity":"","overlay-gradient":""}},"ast-content-background-meta":{"desktop":{"background-color":"var(--ast-global-color-4)","background-image":"","background-repeat":"repeat","background-position":"center center","background-size":"auto","background-attachment":"scroll","background-type":"","background-media":"","overlay-type":"","overlay-color":"","overlay-opacity":"","overlay-gradient":""},"tablet":{"background-color":"var(--ast-global-color-4)","background-image":"","background-repeat":"repeat","background-position":"center center","background-size":"auto","background-attachment":"scroll","background-type":"","background-media":"","overlay-type":"","overlay-color":"","overlay-opacity":"","overlay-gradient":""},"mobile":{"background-color":"var(--ast-global-color-4)","background-image":"","background-repeat":"repeat","background-position":"center center","background-size":"auto","background-attachment":"scroll","background-type":"","background-media":"","overlay-type":"","overlay-color":"","overlay-opacity":"","overlay-gradient":""}},"footnotes":""},"class_list":["post-243","page","type-page","status-publish","hentry"],"yoast_head":"<!-- This site is optimized with the Yoast SEO plugin v27.1.1 - https:\/\/yoast.com\/product\/yoast-seo-wordpress\/ -->\n<title>Nasze warto\u015bci - Szko\u0142a Podstawowa Spark Academy<\/title>\n<meta name=\"robots\" content=\"index, follow, max-snippet:-1, max-image-preview:large, max-video-preview:-1\" \/>\n<link rel=\"canonical\" href=\"https:\/\/spark.edu.pl\/szkola-podstawowa\/nasze-wartosci\/\" \/>\n<meta property=\"og:locale\" content=\"pl_PL\" \/>\n<meta property=\"og:type\" content=\"article\" \/>\n<meta property=\"og:title\" content=\"Nasze warto\u015bci - Szko\u0142a Podstawowa Spark Academy\" \/>\n<meta property=\"og:url\" content=\"https:\/\/spark.edu.pl\/szkola-podstawowa\/nasze-wartosci\/\" \/>\n<meta property=\"og:site_name\" content=\"Szko\u0142a Podstawowa Spark Academy\" \/>\n<meta property=\"article:modified_time\" content=\"2026-01-11T18:05:59+00:00\" \/>\n<meta name=\"twitter:card\" content=\"summary_large_image\" \/>\n<meta name=\"twitter:label1\" content=\"Szacowany czas czytania\" \/>\n\t<meta name=\"twitter:data1\" content=\"2 minuty\" \/>\n<script type=\"application\/ld+json\" class=\"yoast-schema-graph\">{\"@context\":\"https:\/\/schema.org\",\"@graph\":[{\"@type\":\"WebPage\",\"@id\":\"https:\/\/spark.edu.pl\/szkola-podstawowa\/nasze-wartosci\/\",\"url\":\"https:\/\/spark.edu.pl\/szkola-podstawowa\/nasze-wartosci\/\",\"name\":\"Nasze warto\u015bci - Szko\u0142a Podstawowa Spark Academy\",\"isPartOf\":{\"@id\":\"https:\/\/spark.edu.pl\/szkola-podstawowa\/#website\"},\"datePublished\":\"2026-01-10T22:34:30+00:00\",\"dateModified\":\"2026-01-11T18:05:59+00:00\",\"breadcrumb\":{\"@id\":\"https:\/\/spark.edu.pl\/szkola-podstawowa\/nasze-wartosci\/#breadcrumb\"},\"inLanguage\":\"pl-PL\",\"potentialAction\":[{\"@type\":\"ReadAction\",\"target\":[\"https:\/\/spark.edu.pl\/szkola-podstawowa\/nasze-wartosci\/\"]}]},{\"@type\":\"BreadcrumbList\",\"@id\":\"https:\/\/spark.edu.pl\/szkola-podstawowa\/nasze-wartosci\/#breadcrumb\",\"itemListElement\":[{\"@type\":\"ListItem\",\"position\":1,\"name\":\"Strona g\u0142\u00f3wna\",\"item\":\"https:\/\/spark.edu.pl\/szkola-podstawowa\/\"},{\"@type\":\"ListItem\",\"position\":2,\"name\":\"Nasze warto\u015bci\"}]},{\"@type\":\"WebSite\",\"@id\":\"https:\/\/spark.edu.pl\/szkola-podstawowa\/#website\",\"url\":\"https:\/\/spark.edu.pl\/szkola-podstawowa\/\",\"name\":\"Szko\u0142a Podstawowa Spark Academy\",\"description\":\"\",\"publisher\":{\"@id\":\"https:\/\/spark.edu.pl\/szkola-podstawowa\/#organization\"},\"potentialAction\":[{\"@type\":\"SearchAction\",\"target\":{\"@type\":\"EntryPoint\",\"urlTemplate\":\"https:\/\/spark.edu.pl\/szkola-podstawowa\/?s={search_term_string}\"},\"query-input\":{\"@type\":\"PropertyValueSpecification\",\"valueRequired\":true,\"valueName\":\"search_term_string\"}}],\"inLanguage\":\"pl-PL\"},{\"@type\":\"Organization\",\"@id\":\"https:\/\/spark.edu.pl\/szkola-podstawowa\/#organization\",\"name\":\"Szko\u0142a Podstawowa Spark Academy\",\"url\":\"https:\/\/spark.edu.pl\/szkola-podstawowa\/\",\"logo\":{\"@type\":\"ImageObject\",\"inLanguage\":\"pl-PL\",\"@id\":\"https:\/\/spark.edu.pl\/szkola-podstawowa\/#\/schema\/logo\/image\/\",\"url\":\"https:\/\/spark.edu.pl\/szkola-podstawowa\/wp-content\/uploads\/sites\/2\/2026\/01\/LOGO-copy-9PNG-e1767733252125.png\",\"contentUrl\":\"https:\/\/spark.edu.pl\/szkola-podstawowa\/wp-content\/uploads\/sites\/2\/2026\/01\/LOGO-copy-9PNG-e1767733252125.png\",\"width\":1023,\"height\":688,\"caption\":\"Szko\u0142a Podstawowa Spark Academy\"},\"image\":{\"@id\":\"https:\/\/spark.edu.pl\/szkola-podstawowa\/#\/schema\/logo\/image\/\"}}]}<\/script>\n<!-- \/ Yoast SEO plugin. -->","yoast_head_json":{"title":"Nasze warto\u015bci - Szko\u0142a Podstawowa Spark Academy","robots":{"index":"index","follow":"follow","max-snippet":"max-snippet:-1","max-image-preview":"max-image-preview:large","max-video-preview":"max-video-preview:-1"},"canonical":"https:\/\/spark.edu.pl\/szkola-podstawowa\/nasze-wartosci\/","og_locale":"pl_PL","og_type":"article","og_title":"Nasze warto\u015bci - Szko\u0142a Podstawowa Spark Academy","og_url":"https:\/\/spark.edu.pl\/szkola-podstawowa\/nasze-wartosci\/","og_site_name":"Szko\u0142a Podstawowa Spark Academy","article_modified_time":"2026-01-11T18:05:59+00:00","twitter_card":"summary_large_image","twitter_misc":{"Szacowany czas czytania":"2 minuty"},"schema":{"@context":"https:\/\/schema.org","@graph":[{"@type":"WebPage","@id":"https:\/\/spark.edu.pl\/szkola-podstawowa\/nasze-wartosci\/","url":"https:\/\/spark.edu.pl\/szkola-podstawowa\/nasze-wartosci\/","name":"Nasze warto\u015bci - Szko\u0142a Podstawowa Spark Academy","isPartOf":{"@id":"https:\/\/spark.edu.pl\/szkola-podstawowa\/#website"},"datePublished":"2026-01-10T22:34:30+00:00","dateModified":"2026-01-11T18:05:59+00:00","breadcrumb":{"@id":"https:\/\/spark.edu.pl\/szkola-podstawowa\/nasze-wartosci\/#breadcrumb"},"inLanguage":"pl-PL","potentialAction":[{"@type":"ReadAction","target":["https:\/\/spark.edu.pl\/szkola-podstawowa\/nasze-wartosci\/"]}]},{"@type":"BreadcrumbList","@id":"https:\/\/spark.edu.pl\/szkola-podstawowa\/nasze-wartosci\/#breadcrumb","itemListElement":[{"@type":"ListItem","position":1,"name":"Strona g\u0142\u00f3wna","item":"https:\/\/spark.edu.pl\/szkola-podstawowa\/"},{"@type":"ListItem","position":2,"name":"Nasze warto\u015bci"}]},{"@type":"WebSite","@id":"https:\/\/spark.edu.pl\/szkola-podstawowa\/#website","url":"https:\/\/spark.edu.pl\/szkola-podstawowa\/","name":"Szko\u0142a Podstawowa Spark Academy","description":"","publisher":{"@id":"https:\/\/spark.edu.pl\/szkola-podstawowa\/#organization"},"potentialAction":[{"@type":"SearchAction","target":{"@type":"EntryPoint","urlTemplate":"https:\/\/spark.edu.pl\/szkola-podstawowa\/?s={search_term_string}"},"query-input":{"@type":"PropertyValueSpecification","valueRequired":true,"valueName":"search_term_string"}}],"inLanguage":"pl-PL"},{"@type":"Organization","@id":"https:\/\/spark.edu.pl\/szkola-podstawowa\/#organization","name":"Szko\u0142a Podstawowa Spark Academy","url":"https:\/\/spark.edu.pl\/szkola-podstawowa\/","logo":{"@type":"ImageObject","inLanguage":"pl-PL","@id":"https:\/\/spark.edu.pl\/szkola-podstawowa\/#\/schema\/logo\/image\/","url":"https:\/\/spark.edu.pl\/szkola-podstawowa\/wp-content\/uploads\/sites\/2\/2026\/01\/LOGO-copy-9PNG-e1767733252125.png","contentUrl":"https:\/\/spark.edu.pl\/szkola-podstawowa\/wp-content\/uploads\/sites\/2\/2026\/01\/LOGO-copy-9PNG-e1767733252125.png","width":1023,"height":688,"caption":"Szko\u0142a Podstawowa Spark Academy"},"image":{"@id":"https:\/\/spark.edu.pl\/szkola-podstawowa\/#\/schema\/logo\/image\/"}}]}},"uagb_featured_image_src":{"full":false,"thumbnail":false,"medium":false,"medium_large":false,"large":false,"1536x1536":false,"2048x2048":false,"mailpoet_newsletter_max":false},"uagb_author_info":{"display_name":"Michal-1968X","author_link":"https:\/\/spark.edu.pl\/szkola-podstawowa\/author\/michal-1968x\/"},"uagb_comment_info":0,"uagb_excerpt":null,"_links":{"self":[{"href":"https:\/\/spark.edu.pl\/szkola-podstawowa\/wp-json\/wp\/v2\/pages\/243","targetHints":{"allow":["GET"]}}],"collection":[{"href":"https:\/\/spark.edu.pl\/szkola-podstawowa\/wp-json\/wp\/v2\/pages"}],"about":[{"href":"https:\/\/spark.edu.pl\/szkola-podstawowa\/wp-json\/wp\/v2\/types\/page"}],"author":[{"embeddable":true,"href":"https:\/\/spark.edu.pl\/szkola-podstawowa\/wp-json\/wp\/v2\/users\/1"}],"replies":[{"embeddable":true,"href":"https:\/\/spark.edu.pl\/szkola-podstawowa\/wp-json\/wp\/v2\/comments?post=243"}],"version-history":[{"count":7,"href":"https:\/\/spark.edu.pl\/szkola-podstawowa\/wp-json\/wp\/v2\/pages\/243\/revisions"}],"predecessor-version":[{"id":452,"href":"https:\/\/spark.edu.pl\/szkola-podstawowa\/wp-json\/wp\/v2\/pages\/243\/revisions\/452"}],"wp:attachment":[{"href":"https:\/\/spark.edu.pl\/szkola-podstawowa\/wp-json\/wp\/v2\/media?parent=243"}],"curies":[{"name":"wp","href":"https:\/\/api.w.org\/{rel}","templated":true}]}}