{"id":82,"date":"2026-01-06T23:50:17","date_gmt":"2026-01-06T22:50:17","guid":{"rendered":"https:\/\/spark.szkola.pl\/szkola-podstawowa\/?page_id=82"},"modified":"2026-01-13T14:56:18","modified_gmt":"2026-01-13T13:56:18","slug":"kontakt","status":"publish","type":"page","link":"https:\/\/spark.edu.pl\/szkola-podstawowa\/kontakt\/","title":{"rendered":"Kontakt"},"content":{"rendered":"\n<div class=\"wp-block-uagb-container uagb-block-oznml6en alignfull uagb-is-root-container\"><div class=\"uagb-container-inner-blocks-wrap\">\n<div class=\"wp-block-uagb-info-box uagb-block-wcv5kcey uagb-infobox__content-wrap  uagb-infobox-icon-above-title uagb-infobox-image-valign-top\"><div class=\"uagb-ifb-content\"><div class=\"uagb-ifb-title-wrap\"><h1 class=\"uagb-ifb-title\">Kontakt<\/h1><\/div><\/div><\/div>\n<\/div><\/div>\n\n\n\n<div class=\"wp-block-uagb-container uagb-block-k5albh8j alignfull uagb-is-root-container\"><div class=\"uagb-container-inner-blocks-wrap\">\n<div class=\"wp-block-uagb-container uagb-block-t6io0qy9\">\n<div class=\"wp-block-uagb-info-box uagb-block-ac7pujws uagb-infobox__content-wrap  uagb-infobox-icon-above-title uagb-infobox-image-valign-top wp-block-uagb-info-box--has-margin\"><div class=\"uagb-infobox-margin-wrapper\"><div class=\"uagb-ifb-content\"><div class=\"uagb-ifb-title-wrap\"><h2 class=\"uagb-ifb-title\"><strong>Spark Academy<\/strong><br>Szko\u0142a Podstawowa<\/h2><\/div><\/div><\/div><\/div>\n\n\n\n<div class=\"wp-block-uagb-info-box uagb-block-nobqjxmh uagb-infobox__content-wrap  uagb-infobox-icon-left-title uagb-infobox-left uagb-infobox-image-valign-top\"><div class=\"uagb-ifb-content\"><div class=\"uagb-ifb-left-title-image\"><div class=\"uagb-ifb-icon-wrap\"><\/div><div class=\"uagb-ifb-title-wrap\"><p class=\"uagb-ifb-title\">Adres<\/p><\/div><\/div><p class=\"uagb-ifb-desc\">ul. Wojska Polskiego 53<br>60-625 Pozna\u0144<\/p><div class=\"uagb-ifb-separator\"><\/div><\/div><\/div>\n\n\n\n<p class=\"has-ast-global-color-8-color has-text-color has-link-color wp-elements-71301e37dd59da73ba9cff34b0ad1764\" style=\"padding-top:0;padding-bottom:0\"><strong>SEKRETARIAT<\/strong><\/p>\n\n\n\n<div class=\"wp-block-uagb-info-box uagb-block-lhdrzv0z uagb-infobox__content-wrap  uagb-infobox-icon-left uagb-infobox-left uagb-infobox-stacked-tablet uagb-infobox-image-valign-top wp-block-uagb-info-box--has-margin\"><div class=\"uagb-infobox-margin-wrapper\"><div class=\"uagb-ifb-icon-wrap\"><\/div><div class=\"uagb-ifb-content\"><div class=\"uagb-ifb-title-wrap\"><p class=\"uagb-ifb-title\"><strong>+48 737 481 580 <\/strong><\/p><\/div><p class=\"uagb-ifb-desc\">pon-pt 8:00-14:00<br>inne godziny mo\u017cliwe po wcze\u015bniejszym um\u00f3wieniu<\/p><\/div><\/div><\/div>\n\n\n\n<div class=\"wp-block-uagb-info-box uagb-block-371v05qi uagb-infobox__content-wrap  uagb-infobox-icon-left-title uagb-infobox-left uagb-infobox-image-valign-top wp-block-uagb-info-box--has-margin\"><div class=\"uagb-infobox-margin-wrapper\"><div class=\"uagb-ifb-content\"><div class=\"uagb-ifb-left-title-image\"><div class=\"uagb-ifb-icon-wrap\"><\/div><div class=\"uagb-ifb-title-wrap\"><p class=\"uagb-ifb-title\"><a href=\"mailto:sekretariat@spark.edu.pl\"><strong><mark style=\"color:#08a0b9\" class=\"has-inline-color\">sekretariat@spark.edu.pl<\/mark><\/strong><\/a><\/p><\/div><\/div><div class=\"uagb-ifb-separator\"><\/div><\/div><\/div><\/div>\n\n\n\n<p class=\"has-ast-global-color-8-color has-text-color has-link-color wp-elements-e576ef584b033f7273b224773c80ef85\" style=\"padding-top:0;padding-bottom:0\"><strong>REKRUTACJA<\/strong><\/p>\n\n\n\n<div class=\"wp-block-uagb-info-box uagb-block-f68008c1 uagb-infobox__content-wrap  uagb-infobox-icon-left uagb-infobox-left uagb-infobox-stacked-tablet uagb-infobox-image-valign-top wp-block-uagb-info-box--has-margin\"><div class=\"uagb-infobox-margin-wrapper\"><div class=\"uagb-ifb-icon-wrap\"><\/div><div class=\"uagb-ifb-content\"><div class=\"uagb-ifb-title-wrap\"><p class=\"uagb-ifb-title\"><strong>+48 736 735 368<\/strong><\/p><\/div><p class=\"uagb-ifb-desc\">pon-pt 8:00-14:00<\/p><\/div><\/div><\/div>\n\n\n\n<div class=\"wp-block-uagb-info-box uagb-block-141ea263 uagb-infobox__content-wrap  uagb-infobox-icon-left-title uagb-infobox-left uagb-infobox-image-valign-top wp-block-uagb-info-box--has-margin\"><div class=\"uagb-infobox-margin-wrapper\"><div class=\"uagb-ifb-content\"><div class=\"uagb-ifb-left-title-image\"><div class=\"uagb-ifb-icon-wrap\"><\/div><div class=\"uagb-ifb-title-wrap\"><p class=\"uagb-ifb-title\"><a href=\"mailto:rekrutacja@spark.edu.pl\"><mark style=\"color:#08a0b9\" class=\"has-inline-color\"><strong>rekrutacja@spark.edu.pl<\/strong><\/mark><\/a><\/p><\/div><\/div><div class=\"uagb-ifb-separator\"><\/div><\/div><\/div><\/div>\n\n\n\n<p class=\"has-ast-global-color-8-color has-text-color has-link-color wp-elements-8957bd31b6b9450998c52702b4225b62\" style=\"padding-top:0;padding-bottom:0\"><strong>RECEPCJA<\/strong><\/p>\n\n\n\n<div class=\"wp-block-uagb-info-box uagb-block-01c2dc92 uagb-infobox__content-wrap  uagb-infobox-icon-left uagb-infobox-left uagb-infobox-stacked-tablet uagb-infobox-image-valign-top wp-block-uagb-info-box--has-margin\"><div class=\"uagb-infobox-margin-wrapper\"><div class=\"uagb-ifb-icon-wrap\"><\/div><div class=\"uagb-ifb-content\"><div class=\"uagb-ifb-title-wrap\"><p class=\"uagb-ifb-title\"><strong>+48 736 035 077<\/strong><\/p><\/div><p class=\"uagb-ifb-desc\">pon-pt 8:00-15:00<\/p><\/div><\/div><\/div>\n\n\n\n<div class=\"wp-block-uagb-info-box uagb-block-9b403ee2 uagb-infobox__content-wrap  uagb-infobox-icon-left-title uagb-infobox-left uagb-infobox-image-valign-top wp-block-uagb-info-box--has-margin\"><div class=\"uagb-infobox-margin-wrapper\"><div class=\"uagb-ifb-content\"><div class=\"uagb-ifb-left-title-image\"><div class=\"uagb-ifb-icon-wrap\"><\/div><div class=\"uagb-ifb-title-wrap\"><p class=\"uagb-ifb-title\"><a href=\"mailto:recepcja@spark.edu.pl\"><mark style=\"color:#08a0b9\" class=\"has-inline-color\"><strong>recepcja@spark.edu.pl<\/strong><\/mark><\/a><\/p><\/div><\/div><div class=\"uagb-ifb-separator\"><\/div><\/div><\/div><\/div>\n\n\n\n<p class=\"has-ast-global-color-8-color has-text-color has-link-color wp-elements-1716548f41da6c5333b625dffce5f871\" style=\"padding-top:0;padding-bottom:0\"><strong>PODANIA O PRAC\u0118<\/strong><\/p>\n\n\n\n<div class=\"wp-block-uagb-info-box uagb-block-b7d1294e uagb-infobox__content-wrap  uagb-infobox-icon-left-title uagb-infobox-left uagb-infobox-image-valign-top wp-block-uagb-info-box--has-margin\"><div class=\"uagb-infobox-margin-wrapper\"><div class=\"uagb-ifb-content\"><div class=\"uagb-ifb-left-title-image\"><div class=\"uagb-ifb-icon-wrap\"><\/div><div class=\"uagb-ifb-title-wrap\"><p class=\"uagb-ifb-title\"><a href=\"mailto:praca@spark.edu.pl\"><strong><mark style=\"color:#08a0b9\" class=\"has-inline-color\">praca@spark.edu.pl<\/mark><\/strong><\/a><\/p><\/div><\/div><div class=\"uagb-ifb-separator\"><\/div><\/div><\/div><\/div>\n<\/div>\n\n\n\n<div class=\"wp-block-uagb-container uagb-block-19ef4311\">\n<div class=\"wp-block-uagb-container uagb-block-2d3d69c6\">\t\t\t<div \n\t\t\tclass=\"wp-block-uagb-google-map uagb-google-map__wrap uagb-block-t7ugm2cv     \"\n\t\t\tstyle=\"\" >\n\t\t\t\t<embed\n\t\t\t\t\tclass=\"uagb-google-map__iframe\"\n\t\t\t\t\ttitle=\"Mapa Google dla \"\n\t\t\t\t\tsrc=\"https:\/\/maps.google.com\/maps?q=ul.%20Wojska%20Polskiego%2053%2C%2060-625%20Pozna%C5%84&#038;z=12&#038;hl=en&#038;t=m&#038;output=embed&#038;iwloc=near\"\n\t\t\t\t\twidth=\"640\"\n\t\t\t\t\theight=\"620\"\n\t\t\t\t\tloading=\"lazy\"\n\t\t\t\t><\/embed>\n\t\t\t<\/div>\n\t\t\t<\/div>\n\n\n\n<div class=\"wp-block-uagb-container uagb-block-7d72c870\">\n<div class=\"wp-block-uagb-buttons uagb-buttons__outer-wrap uagb-btn__medium-btn uagb-btn-tablet__default-btn uagb-btn-mobile__default-btn uagb-block-08d2a97e\"><div class=\"uagb-buttons__wrap uagb-buttons-layout-wrap \">\n<div class=\"wp-block-uagb-buttons-child uagb-buttons__outer-wrap uagb-block-9859a195 wp-block-button\"><div class=\"uagb-button__wrapper\"><a class=\"uagb-buttons-repeater wp-block-button__link\" aria-label=\"\" href=\"https:\/\/www.google.com\/maps\/dir\/\/Spark+Academy+-+Szko\u0142a+Podstawowa,+Wojska+Polskiego+53,+60-625+Pozna\u0144\/@52.4274947,16.8976745,943m\/data=!3m1!1e3!4m17!1m7!3m6!1s0x470443646d035685:0xbeaeddc3ce33a50d!2sSpark+Academy+-+Szko\u0142a+Podstawowa!8m2!3d52.4274915!4d16.9002494!16s%2Fg%2F11c1pdsvp5!4m8!1m0!1m5!1m1!1s0x470443646d035685:0xbeaeddc3ce33a50d!2m2!1d16.9002494!2d52.4274915!3e3?entry=ttu&amp;g_ep=EgoyMDI2MDEwNy4wIKXMDSoKLDEwMDc5MjA3MUgBUAM%3D\" rel=\"follow noopener\" target=\"_blank\" role=\"button\"><div class=\"uagb-button__link\">Zobacz tras\u0119 dojazdu<\/div><\/a><\/div><\/div>\n<\/div><\/div>\n\n\n\n<p class=\"has-ast-global-color-3-color has-text-color has-link-color wp-elements-10fa422809b01a681089095d8d3da7c4\">Dojazd <strong>autobusem<\/strong>: 160, 164, 170, 182, 193, 835, 837. <br>Przystanek &#8222;Wojska Polskiego&#8221; znajduje si\u0119 tu\u017c przy szkole.<br>Dojazd <strong>tramwajem<\/strong>: 9, 11. <br>Przystanek &#8222;Uniwersytet przyrodniczy&#8221; w odleg\u0142o\u015bci 500 m od szko\u0142y.<\/p>\n<\/div>\n<\/div>\n<\/div><\/div>\n\n\n\n<div class=\"wp-block-uagb-container uagb-block-4d31770f alignfull uagb-is-root-container\"><div class=\"uagb-container-inner-blocks-wrap\">\n<div class=\"wp-block-uagb-container uagb-block-5a26ee3a\">\n<div class=\"wp-block-uagb-buttons uagb-buttons__outer-wrap uagb-btn__medium-btn uagb-btn-tablet__default-btn uagb-btn-mobile__medium-btn uagb-block-ff507406\"><div class=\"uagb-buttons__wrap uagb-buttons-layout-wrap \">\n<div class=\"wp-block-uagb-buttons-child uagb-buttons__outer-wrap uagb-block-2a622efd wp-block-button\"><div class=\"uagb-button__wrapper\"><a class=\"uagb-buttons-repeater wp-block-button__link\" aria-label=\"\" href=\"\/szkola-podstawowa\/\" rel=\"follow noopener\" target=\"_self\" role=\"button\"><div class=\"uagb-button__link\">Szko\u0142a podstawowa<\/div><span class=\"uagb-button__icon uagb-button__icon-position-after\"><\/span><\/a><\/div><\/div>\n<\/div><\/div>\n<\/div>\n<\/div><\/div>\n","protected":false},"excerpt":{"rendered":"<p>SEKRETARIAT REKRUTACJA RECEPCJA PODANIA O PRAC\u0118 Dojazd autobusem: 160, 164, 170, 182, 193, 835, 837. Przystanek &#8222;Wojska Polskiego&#8221; znajduje si\u0119 [&hellip;]<\/p>\n","protected":false},"author":1,"featured_media":0,"parent":0,"menu_order":0,"comment_status":"closed","ping_status":"closed","template":"","meta":{"_uag_custom_page_level_css":"","site-sidebar-layout":"default","site-content-layout":"","ast-site-content-layout":"default","site-content-style":"default","site-sidebar-style":"default","ast-global-header-display":"","ast-banner-title-visibility":"","ast-main-header-display":"","ast-hfb-above-header-display":"","ast-hfb-below-header-display":"","ast-hfb-mobile-header-display":"","site-post-title":"disabled","ast-breadcrumbs-content":"","ast-featured-img":"","footer-sml-layout":"","ast-disable-related-posts":"","theme-transparent-header-meta":"enabled","adv-header-id-meta":"","stick-header-meta":"","header-above-stick-meta":"","header-main-stick-meta":"","header-below-stick-meta":"","astra-migrate-meta-layouts":"default","ast-page-background-enabled":"default","ast-page-background-meta":{"desktop":{"background-color":"var(--ast-global-color-5)","background-image":"","background-repeat":"repeat","background-position":"center center","background-size":"auto","background-attachment":"scroll","background-type":"","background-media":"","overlay-type":"","overlay-color":"","overlay-opacity":"","overlay-gradient":""},"tablet":{"background-color":"","background-image":"","background-repeat":"repeat","background-position":"center center","background-size":"auto","background-attachment":"scroll","background-type":"","background-media":"","overlay-type":"","overlay-color":"","overlay-opacity":"","overlay-gradient":""},"mobile":{"background-color":"","background-image":"","background-repeat":"repeat","background-position":"center center","background-size":"auto","background-attachment":"scroll","background-type":"","background-media":"","overlay-type":"","overlay-color":"","overlay-opacity":"","overlay-gradient":""}},"ast-content-background-meta":{"desktop":{"background-color":"var(--ast-global-color-4)","background-image":"","background-repeat":"repeat","background-position":"center center","background-size":"auto","background-attachment":"scroll","background-type":"","background-media":"","overlay-type":"","overlay-color":"","overlay-opacity":"","overlay-gradient":""},"tablet":{"background-color":"var(--ast-global-color-4)","background-image":"","background-repeat":"repeat","background-position":"center center","background-size":"auto","background-attachment":"scroll","background-type":"","background-media":"","overlay-type":"","overlay-color":"","overlay-opacity":"","overlay-gradient":""},"mobile":{"background-color":"var(--ast-global-color-4)","background-image":"","background-repeat":"repeat","background-position":"center center","background-size":"auto","background-attachment":"scroll","background-type":"","background-media":"","overlay-type":"","overlay-color":"","overlay-opacity":"","overlay-gradient":""}},"footnotes":""},"class_list":["post-82","page","type-page","status-publish","hentry"],"yoast_head":"<!-- This site is optimized with the Yoast SEO plugin v27.1.1 - https:\/\/yoast.com\/product\/yoast-seo-wordpress\/ -->\n<title>Kontakt - Szko\u0142a Podstawowa Spark Academy<\/title>\n<meta name=\"robots\" content=\"index, follow, max-snippet:-1, max-image-preview:large, max-video-preview:-1\" \/>\n<link rel=\"canonical\" href=\"https:\/\/spark.edu.pl\/szkola-podstawowa\/kontakt\/\" \/>\n<meta property=\"og:locale\" content=\"pl_PL\" \/>\n<meta property=\"og:type\" content=\"article\" \/>\n<meta property=\"og:title\" content=\"Kontakt - Szko\u0142a Podstawowa Spark Academy\" \/>\n<meta property=\"og:description\" content=\"SEKRETARIAT REKRUTACJA RECEPCJA PODANIA O PRAC\u0118 Dojazd autobusem: 160, 164, 170, 182, 193, 835, 837. Przystanek &#8222;Wojska Polskiego&#8221; znajduje si\u0119 [&hellip;]\" \/>\n<meta property=\"og:url\" content=\"https:\/\/spark.edu.pl\/szkola-podstawowa\/kontakt\/\" \/>\n<meta property=\"og:site_name\" content=\"Szko\u0142a Podstawowa Spark Academy\" \/>\n<meta property=\"article:modified_time\" content=\"2026-01-13T13:56:18+00:00\" \/>\n<meta name=\"twitter:card\" content=\"summary_large_image\" \/>\n<script type=\"application\/ld+json\" class=\"yoast-schema-graph\">{\"@context\":\"https:\/\/schema.org\",\"@graph\":[{\"@type\":\"WebPage\",\"@id\":\"https:\/\/spark.edu.pl\/szkola-podstawowa\/kontakt\/\",\"url\":\"https:\/\/spark.edu.pl\/szkola-podstawowa\/kontakt\/\",\"name\":\"Kontakt - Szko\u0142a Podstawowa Spark Academy\",\"isPartOf\":{\"@id\":\"https:\/\/spark.edu.pl\/szkola-podstawowa\/#website\"},\"datePublished\":\"2026-01-06T22:50:17+00:00\",\"dateModified\":\"2026-01-13T13:56:18+00:00\",\"breadcrumb\":{\"@id\":\"https:\/\/spark.edu.pl\/szkola-podstawowa\/kontakt\/#breadcrumb\"},\"inLanguage\":\"pl-PL\",\"potentialAction\":[{\"@type\":\"ReadAction\",\"target\":[\"https:\/\/spark.edu.pl\/szkola-podstawowa\/kontakt\/\"]}]},{\"@type\":\"BreadcrumbList\",\"@id\":\"https:\/\/spark.edu.pl\/szkola-podstawowa\/kontakt\/#breadcrumb\",\"itemListElement\":[{\"@type\":\"ListItem\",\"position\":1,\"name\":\"Strona g\u0142\u00f3wna\",\"item\":\"https:\/\/spark.edu.pl\/szkola-podstawowa\/\"},{\"@type\":\"ListItem\",\"position\":2,\"name\":\"Kontakt\"}]},{\"@type\":\"WebSite\",\"@id\":\"https:\/\/spark.edu.pl\/szkola-podstawowa\/#website\",\"url\":\"https:\/\/spark.edu.pl\/szkola-podstawowa\/\",\"name\":\"Szko\u0142a Podstawowa Spark Academy\",\"description\":\"\",\"publisher\":{\"@id\":\"https:\/\/spark.edu.pl\/szkola-podstawowa\/#organization\"},\"potentialAction\":[{\"@type\":\"SearchAction\",\"target\":{\"@type\":\"EntryPoint\",\"urlTemplate\":\"https:\/\/spark.edu.pl\/szkola-podstawowa\/?s={search_term_string}\"},\"query-input\":{\"@type\":\"PropertyValueSpecification\",\"valueRequired\":true,\"valueName\":\"search_term_string\"}}],\"inLanguage\":\"pl-PL\"},{\"@type\":\"Organization\",\"@id\":\"https:\/\/spark.edu.pl\/szkola-podstawowa\/#organization\",\"name\":\"Szko\u0142a Podstawowa Spark Academy\",\"url\":\"https:\/\/spark.edu.pl\/szkola-podstawowa\/\",\"logo\":{\"@type\":\"ImageObject\",\"inLanguage\":\"pl-PL\",\"@id\":\"https:\/\/spark.edu.pl\/szkola-podstawowa\/#\/schema\/logo\/image\/\",\"url\":\"https:\/\/spark.edu.pl\/szkola-podstawowa\/wp-content\/uploads\/sites\/2\/2026\/01\/LOGO-copy-9PNG-e1767733252125.png\",\"contentUrl\":\"https:\/\/spark.edu.pl\/szkola-podstawowa\/wp-content\/uploads\/sites\/2\/2026\/01\/LOGO-copy-9PNG-e1767733252125.png\",\"width\":1023,\"height\":688,\"caption\":\"Szko\u0142a Podstawowa Spark Academy\"},\"image\":{\"@id\":\"https:\/\/spark.edu.pl\/szkola-podstawowa\/#\/schema\/logo\/image\/\"}}]}<\/script>\n<!-- \/ Yoast SEO plugin. -->","yoast_head_json":{"title":"Kontakt - Szko\u0142a Podstawowa Spark Academy","robots":{"index":"index","follow":"follow","max-snippet":"max-snippet:-1","max-image-preview":"max-image-preview:large","max-video-preview":"max-video-preview:-1"},"canonical":"https:\/\/spark.edu.pl\/szkola-podstawowa\/kontakt\/","og_locale":"pl_PL","og_type":"article","og_title":"Kontakt - Szko\u0142a Podstawowa Spark Academy","og_description":"SEKRETARIAT REKRUTACJA RECEPCJA PODANIA O PRAC\u0118 Dojazd autobusem: 160, 164, 170, 182, 193, 835, 837. Przystanek &#8222;Wojska Polskiego&#8221; znajduje si\u0119 [&hellip;]","og_url":"https:\/\/spark.edu.pl\/szkola-podstawowa\/kontakt\/","og_site_name":"Szko\u0142a Podstawowa Spark Academy","article_modified_time":"2026-01-13T13:56:18+00:00","twitter_card":"summary_large_image","schema":{"@context":"https:\/\/schema.org","@graph":[{"@type":"WebPage","@id":"https:\/\/spark.edu.pl\/szkola-podstawowa\/kontakt\/","url":"https:\/\/spark.edu.pl\/szkola-podstawowa\/kontakt\/","name":"Kontakt - Szko\u0142a Podstawowa Spark Academy","isPartOf":{"@id":"https:\/\/spark.edu.pl\/szkola-podstawowa\/#website"},"datePublished":"2026-01-06T22:50:17+00:00","dateModified":"2026-01-13T13:56:18+00:00","breadcrumb":{"@id":"https:\/\/spark.edu.pl\/szkola-podstawowa\/kontakt\/#breadcrumb"},"inLanguage":"pl-PL","potentialAction":[{"@type":"ReadAction","target":["https:\/\/spark.edu.pl\/szkola-podstawowa\/kontakt\/"]}]},{"@type":"BreadcrumbList","@id":"https:\/\/spark.edu.pl\/szkola-podstawowa\/kontakt\/#breadcrumb","itemListElement":[{"@type":"ListItem","position":1,"name":"Strona g\u0142\u00f3wna","item":"https:\/\/spark.edu.pl\/szkola-podstawowa\/"},{"@type":"ListItem","position":2,"name":"Kontakt"}]},{"@type":"WebSite","@id":"https:\/\/spark.edu.pl\/szkola-podstawowa\/#website","url":"https:\/\/spark.edu.pl\/szkola-podstawowa\/","name":"Szko\u0142a Podstawowa Spark Academy","description":"","publisher":{"@id":"https:\/\/spark.edu.pl\/szkola-podstawowa\/#organization"},"potentialAction":[{"@type":"SearchAction","target":{"@type":"EntryPoint","urlTemplate":"https:\/\/spark.edu.pl\/szkola-podstawowa\/?s={search_term_string}"},"query-input":{"@type":"PropertyValueSpecification","valueRequired":true,"valueName":"search_term_string"}}],"inLanguage":"pl-PL"},{"@type":"Organization","@id":"https:\/\/spark.edu.pl\/szkola-podstawowa\/#organization","name":"Szko\u0142a Podstawowa Spark Academy","url":"https:\/\/spark.edu.pl\/szkola-podstawowa\/","logo":{"@type":"ImageObject","inLanguage":"pl-PL","@id":"https:\/\/spark.edu.pl\/szkola-podstawowa\/#\/schema\/logo\/image\/","url":"https:\/\/spark.edu.pl\/szkola-podstawowa\/wp-content\/uploads\/sites\/2\/2026\/01\/LOGO-copy-9PNG-e1767733252125.png","contentUrl":"https:\/\/spark.edu.pl\/szkola-podstawowa\/wp-content\/uploads\/sites\/2\/2026\/01\/LOGO-copy-9PNG-e1767733252125.png","width":1023,"height":688,"caption":"Szko\u0142a Podstawowa Spark Academy"},"image":{"@id":"https:\/\/spark.edu.pl\/szkola-podstawowa\/#\/schema\/logo\/image\/"}}]}},"uagb_featured_image_src":{"full":false,"thumbnail":false,"medium":false,"medium_large":false,"large":false,"1536x1536":false,"2048x2048":false,"mailpoet_newsletter_max":false},"uagb_author_info":{"display_name":"Michal-1968X","author_link":"https:\/\/spark.edu.pl\/szkola-podstawowa\/author\/michal-1968x\/"},"uagb_comment_info":0,"uagb_excerpt":"SEKRETARIAT REKRUTACJA RECEPCJA PODANIA O PRAC\u0118 Dojazd autobusem: 160, 164, 170, 182, 193, 835, 837. Przystanek &#8222;Wojska Polskiego&#8221; znajduje si\u0119 [&hellip;]","_links":{"self":[{"href":"https:\/\/spark.edu.pl\/szkola-podstawowa\/wp-json\/wp\/v2\/pages\/82","targetHints":{"allow":["GET"]}}],"collection":[{"href":"https:\/\/spark.edu.pl\/szkola-podstawowa\/wp-json\/wp\/v2\/pages"}],"about":[{"href":"https:\/\/spark.edu.pl\/szkola-podstawowa\/wp-json\/wp\/v2\/types\/page"}],"author":[{"embeddable":true,"href":"https:\/\/spark.edu.pl\/szkola-podstawowa\/wp-json\/wp\/v2\/users\/1"}],"replies":[{"embeddable":true,"href":"https:\/\/spark.edu.pl\/szkola-podstawowa\/wp-json\/wp\/v2\/comments?post=82"}],"version-history":[{"count":11,"href":"https:\/\/spark.edu.pl\/szkola-podstawowa\/wp-json\/wp\/v2\/pages\/82\/revisions"}],"predecessor-version":[{"id":582,"href":"https:\/\/spark.edu.pl\/szkola-podstawowa\/wp-json\/wp\/v2\/pages\/82\/revisions\/582"}],"wp:attachment":[{"href":"https:\/\/spark.edu.pl\/szkola-podstawowa\/wp-json\/wp\/v2\/media?parent=82"}],"curies":[{"name":"wp","href":"https:\/\/api.w.org\/{rel}","templated":true}]}}